{"id":1129,"date":"2024-08-12T08:29:27","date_gmt":"2024-08-12T06:29:27","guid":{"rendered":"https:\/\/stefanoconsiglio.com\/proposta-di-valore\/"},"modified":"2026-03-30T12:52:12","modified_gmt":"2026-03-30T10:52:12","slug":"proposta-di-valore","status":"publish","type":"page","link":"https:\/\/stefanoconsiglio.com\/it\/proposta-di-valore\/","title":{"rendered":"Aree di intervento strategico"},"content":{"rendered":"\t\t<div data-elementor-type=\"wp-page\" data-elementor-id=\"1129\" class=\"elementor elementor-1129 elementor-431\">\n\t\t\t\t<div class=\"elementor-element elementor-element-a3065c5 e-flex e-con-boxed rt-default-class e-con e-parent\" data-id=\"a3065c5\" data-element_type=\"container\" data-e-type=\"container\">\n\t\t\t\t\t<div class=\"e-con-inner\">\n\t\t<div class=\"elementor-element elementor-element-a126ee8 e-con-full e-flex rt-default-class e-con e-child\" data-id=\"a126ee8\" data-element_type=\"container\" data-e-type=\"container\">\n\t\t\t\t<div class=\"elementor-element elementor-element-b9a6677 rt-default-class elementor-invisible elementor-widget elementor-widget-heading\" data-id=\"b9a6677\" data-element_type=\"widget\" data-e-type=\"widget\" data-settings=\"{&quot;_animation&quot;:&quot;fadeInUp&quot;}\" data-widget_type=\"heading.default\">\n\t\t\t\t<div class=\"elementor-widget-container\">\n\t\t\t\t\t<span class=\"elementor-heading-title elementor-size-default\">Perch\u00e9 scegliermi<\/span>\t\t\t\t<\/div>\n\t\t\t\t<\/div>\n\t\t\t\t<\/div>\n\t\t<div class=\"elementor-element elementor-element-ed5b89e e-con-full e-flex rt-default-class e-con e-child\" data-id=\"ed5b89e\" data-element_type=\"container\" data-e-type=\"container\">\n\t\t\t\t<div class=\"elementor-element elementor-element-f1a41b4 rt-default-class elementor-invisible elementor-widget elementor-widget-heading\" data-id=\"f1a41b4\" data-element_type=\"widget\" data-e-type=\"widget\" data-settings=\"{&quot;_animation&quot;:&quot;fadeInUp&quot;}\" data-widget_type=\"heading.default\">\n\t\t\t\t<div class=\"elementor-widget-container\">\n\t\t\t\t\t<h2 class=\"elementor-heading-title elementor-size-default\">Soluzioni ad alto impatto per sfide aziendali complesse<\/h2>\t\t\t\t<\/div>\n\t\t\t\t<\/div>\n\t\t<div class=\"elementor-element elementor-element-7f75f4c e-con-full e-flex rt-default-class elementor-invisible e-con e-child\" data-id=\"7f75f4c\" data-element_type=\"container\" data-e-type=\"container\" data-settings=\"{&quot;animation&quot;:&quot;fadeInUp&quot;}\">\n\t\t<div class=\"elementor-element elementor-element-313f5f7 e-con-full e-flex rt-default-class e-con e-child\" data-id=\"313f5f7\" data-element_type=\"container\" data-e-type=\"container\">\n\t\t\t\t<div class=\"elementor-element elementor-element-1921dca rt-default-class elementor-widget elementor-widget-text-editor\" data-id=\"1921dca\" data-element_type=\"widget\" data-e-type=\"widget\" data-widget_type=\"text-editor.default\">\n\t\t\t\t<div class=\"elementor-widget-container\">\n\t\t\t\t\t\t\t\t\t<p>Ho guidato con successo aziende attraverso trasformazioni aziendali, l\u2019esecuzione di strategie di sales &amp; marketing e percorsi di espansione globale. La mia esperienza include ruoli di leadership in multinazionali e organizzazioni leader di mercato. <\/p>\t\t\t\t\t\t\t\t<\/div>\n\t\t\t\t<\/div>\n\t\t\t\t<\/div>\n\t\t\t\t<\/div>\n\t\t\t\t<\/div>\n\t\t\t\t\t<\/div>\n\t\t\t\t<\/div>\n\t\t<div class=\"elementor-element elementor-element-950b4df e-flex e-con-boxed rt-default-class e-con e-parent\" data-id=\"950b4df\" data-element_type=\"container\" data-e-type=\"container\">\n\t\t\t\t\t<div class=\"e-con-inner\">\n\t\t<div class=\"elementor-element elementor-element-e2739d9 e-con-full e-flex rt-default-class e-con e-child\" data-id=\"e2739d9\" data-element_type=\"container\" data-e-type=\"container\">\n\t\t\t\t<div class=\"elementor-element elementor-element-cb55fb7 rt-default-class elementor-invisible elementor-widget elementor-widget-heading\" data-id=\"cb55fb7\" data-element_type=\"widget\" data-e-type=\"widget\" data-settings=\"{&quot;_animation&quot;:&quot;fadeInUp&quot;}\" data-widget_type=\"heading.default\">\n\t\t\t\t<div class=\"elementor-widget-container\">\n\t\t\t\t\t<span class=\"elementor-heading-title elementor-size-default\">Trasformazione aziendale e modernizzazione organizzativa<\/span>\t\t\t\t<\/div>\n\t\t\t\t<\/div>\n\t\t\t\t<\/div>\n\t\t<div class=\"elementor-element elementor-element-7b73caa e-con-full e-flex rt-default-class e-con e-child\" data-id=\"7b73caa\" data-element_type=\"container\" data-e-type=\"container\">\n\t\t\t\t<div class=\"elementor-element elementor-element-14b4ded rt-default-class elementor-invisible elementor-widget elementor-widget-heading\" data-id=\"14b4ded\" data-element_type=\"widget\" data-e-type=\"widget\" data-settings=\"{&quot;_animation&quot;:&quot;fadeInUp&quot;}\" data-widget_type=\"heading.default\">\n\t\t\t\t<div class=\"elementor-widget-container\">\n\t\t\t\t\t<p class=\"elementor-heading-title elementor-size-default\">Ideale per aziende che necessitano di un \u201creset\u201d strutturale o di un passaggio da modelli a gestione familiare a modelli manageriali. <br>Riorganizzazione strutturale: riprogettazione degli organigrammi e definizione chiara dei ruoli per eliminare attriti e sovrapposizioni.<br>Cultura della performance: implementazione di sistemi di gestione basati su KPI per allineare i team agli obiettivi aziendali.  \nModernizzazione: colmare il divario tra processi obsoleti e standard operativi moderni.<\/p>\t\t\t\t<\/div>\n\t\t\t\t<\/div>\n\t\t\t\t<\/div>\n\t\t\t\t\t<\/div>\n\t\t\t\t<\/div>\n\t\t<div class=\"elementor-element elementor-element-2dd711b e-flex e-con-boxed rt-default-class e-con e-parent\" data-id=\"2dd711b\" data-element_type=\"container\" data-e-type=\"container\">\n\t\t\t\t\t<div class=\"e-con-inner\">\n\t\t<div class=\"elementor-element elementor-element-03f1e41 e-con-full e-flex rt-default-class e-con e-child\" data-id=\"03f1e41\" data-element_type=\"container\" data-e-type=\"container\">\n\t\t\t\t<div class=\"elementor-element elementor-element-b4be38a rt-default-class elementor-invisible elementor-widget elementor-widget-heading\" data-id=\"b4be38a\" data-element_type=\"widget\" data-e-type=\"widget\" data-settings=\"{&quot;_animation&quot;:&quot;fadeInUp&quot;}\" data-widget_type=\"heading.default\">\n\t\t\t\t<div class=\"elementor-widget-container\">\n\t\t\t\t\t<span class=\"elementor-heading-title elementor-size-default\">Leadership commerciale strategica ed espansione globale<\/span>\t\t\t\t<\/div>\n\t\t\t\t<\/div>\n\t\t\t\t<\/div>\n\t\t<div class=\"elementor-element elementor-element-1d36068 e-con-full e-flex rt-default-class e-con e-child\" data-id=\"1d36068\" data-element_type=\"container\" data-e-type=\"container\">\n\t\t\t\t<div class=\"elementor-element elementor-element-33e3253 rt-default-class elementor-invisible elementor-widget elementor-widget-heading\" data-id=\"33e3253\" data-element_type=\"widget\" data-e-type=\"widget\" data-settings=\"{&quot;_animation&quot;:&quot;fadeInUp&quot;}\" data-widget_type=\"heading.default\">\n\t\t\t\t<div class=\"elementor-widget-container\">\n\t\t\t\t\t<p class=\"elementor-heading-title elementor-size-default\">Ideale per aziende che vogliono scalare a livello internazionale o rilanciare il proprio motore commerciale. \n\n\nStrategia Go-to-Market: progettazione di modelli di vendita scalabili per nuovi territori, con focus su EMEA e mercati internazionali. \n\n\nOttimizzazione dei canali: riorganizzazione delle reti di agenti, distributori e OEM per massimizzare copertura di mercato e responsabilit\u00e0. \n\n\nEvoluzione del brand e del portafoglio: riposizionamento dei portafogli prodotto per allinearli ai segmenti di clientela ad alto valore e agli standard globali.<\/p>\t\t\t\t<\/div>\n\t\t\t\t<\/div>\n\t\t\t\t<\/div>\n\t\t\t\t\t<\/div>\n\t\t\t\t<\/div>\n\t\t<div class=\"elementor-element elementor-element-37613eb e-flex e-con-boxed rt-default-class e-con e-parent\" data-id=\"37613eb\" data-element_type=\"container\" data-e-type=\"container\">\n\t\t\t\t\t<div class=\"e-con-inner\">\n\t\t<div class=\"elementor-element elementor-element-21ac6b6 e-con-full e-flex rt-default-class e-con e-child\" data-id=\"21ac6b6\" data-element_type=\"container\" data-e-type=\"container\">\n\t\t\t\t<div class=\"elementor-element elementor-element-73c6737 rt-default-class elementor-invisible elementor-widget elementor-widget-heading\" data-id=\"73c6737\" data-element_type=\"widget\" data-e-type=\"widget\" data-settings=\"{&quot;_animation&quot;:&quot;fadeInUp&quot;}\" data-widget_type=\"heading.default\">\n\t\t\t\t<div class=\"elementor-widget-container\">\n\t\t\t\t\t<span class=\"elementor-heading-title elementor-size-default\">Consulenza M&amp;A e integrazione post-fusione (PMI)<\/span>\t\t\t\t<\/div>\n\t\t\t\t<\/div>\n\t\t\t\t<\/div>\n\t\t<div class=\"elementor-element elementor-element-9d864bd e-con-full e-flex rt-default-class e-con e-child\" data-id=\"9d864bd\" data-element_type=\"container\" data-e-type=\"container\">\n\t\t\t\t<div class=\"elementor-element elementor-element-d428f4f rt-default-class elementor-invisible elementor-widget elementor-widget-heading\" data-id=\"d428f4f\" data-element_type=\"widget\" data-e-type=\"widget\" data-settings=\"{&quot;_animation&quot;:&quot;fadeInUp&quot;}\" data-widget_type=\"heading.default\">\n\t\t\t\t<div class=\"elementor-widget-container\">\n\t\t\t\t\t<p class=\"elementor-heading-title elementor-size-default\">Ideale per fondi di Private Equity o imprenditori nel pieno di un processo di acquisizione o dismissione. \n\n\nInterim Management: garantire una leadership solida durante le fasi di transizione della propriet\u00e0, preservando il valore aziendale. \n\n\nLeadership dell\u2019integrazione: allineare le filiali locali agli standard della casa madre (reporting, compliance e cultura). \n\n\nTurnaround e rilancio: guidare unit\u00e0 di business in difficolt\u00e0 verso la redditivit\u00e0 attraverso una gestione disciplinata di costi e ricavi.<\/p>\t\t\t\t<\/div>\n\t\t\t\t<\/div>\n\t\t\t\t<\/div>\n\t\t\t\t\t<\/div>\n\t\t\t\t<\/div>\n\t\t<div class=\"elementor-element elementor-element-b9f37cb e-flex e-con-boxed rt-default-class e-con e-parent\" data-id=\"b9f37cb\" data-element_type=\"container\" data-e-type=\"container\">\n\t\t\t\t\t<div class=\"e-con-inner\">\n\t\t<div class=\"elementor-element elementor-element-2383c35 e-con-full e-flex rt-default-class e-con e-child\" data-id=\"2383c35\" data-element_type=\"container\" data-e-type=\"container\">\n\t\t\t\t<div class=\"elementor-element elementor-element-27bfe07 rt-default-class elementor-invisible elementor-widget elementor-widget-heading\" data-id=\"27bfe07\" data-element_type=\"widget\" data-e-type=\"widget\" data-settings=\"{&quot;_animation&quot;:&quot;fadeInUp&quot;}\" data-widget_type=\"heading.default\">\n\t\t\t\t<div class=\"elementor-widget-container\">\n\t\t\t\t\t<span class=\"elementor-heading-title elementor-size-default\">Rigore operativo e ottimizzazione del P&amp;L<\/span>\t\t\t\t<\/div>\n\t\t\t\t<\/div>\n\t\t\t\t<\/div>\n\t\t<div class=\"elementor-element elementor-element-5fae7d6 e-con-full e-flex rt-default-class e-con e-child\" data-id=\"5fae7d6\" data-element_type=\"container\" data-e-type=\"container\">\n\t\t\t\t<div class=\"elementor-element elementor-element-0978888 rt-default-class elementor-invisible elementor-widget elementor-widget-heading\" data-id=\"0978888\" data-element_type=\"widget\" data-e-type=\"widget\" data-settings=\"{&quot;_animation&quot;:&quot;fadeInUp&quot;}\" data-widget_type=\"heading.default\">\n\t\t\t\t<div class=\"elementor-widget-container\">\n\t\t\t\t\t<p class=\"elementor-heading-title elementor-size-default\">Gestione del P&amp;L: piena responsabilit\u00e0 della gestione finanziaria, con focus sulla crescita dell\u2019EBITDA e sull\u2019ottimizzazione dei flussi di cassa. \n\n\nEccellenza nella supply chain e nella produzione: miglioramento dell\u2019efficienza nei siti produttivi internazionali e nelle operazioni multi-sito. \n\n\nRischio e affidabilit\u00e0: rafforzamento dell\u2019affidabilit\u00e0 commerciale e della solidit\u00e0 creditizia dell\u2019azienda. <\/p>\t\t\t\t<\/div>\n\t\t\t\t<\/div>\n\t\t\t\t<\/div>\n\t\t\t\t\t<\/div>\n\t\t\t\t<\/div>\n\t\t\t\t<\/div>\n\t\t","protected":false},"excerpt":{"rendered":"<p>Perch\u00e9 scegliermi Soluzioni ad alto impatto per sfide aziendali complesse Ho guidato con successo aziende attraverso trasformazioni aziendali, l\u2019esecuzione di strategie di sales &amp; marketing e percorsi di espansione globale. La mia esperienza include ruoli di leadership in multinazionali e organizzazioni leader di mercato. Trasformazione aziendale e modernizzazione organizzativa Ideale per aziende che necessitano di&#8230;<\/p>\n","protected":false},"author":1,"featured_media":0,"parent":0,"menu_order":0,"comment_status":"closed","ping_status":"closed","template":"elementor_header_footer","meta":{"footnotes":""},"class_list":["post-1129","page","type-page","status-publish","hentry"],"_links":{"self":[{"href":"https:\/\/stefanoconsiglio.com\/it\/wp-json\/wp\/v2\/pages\/1129","targetHints":{"allow":["GET"]}}],"collection":[{"href":"https:\/\/stefanoconsiglio.com\/it\/wp-json\/wp\/v2\/pages"}],"about":[{"href":"https:\/\/stefanoconsiglio.com\/it\/wp-json\/wp\/v2\/types\/page"}],"author":[{"embeddable":true,"href":"https:\/\/stefanoconsiglio.com\/it\/wp-json\/wp\/v2\/users\/1"}],"replies":[{"embeddable":true,"href":"https:\/\/stefanoconsiglio.com\/it\/wp-json\/wp\/v2\/comments?post=1129"}],"version-history":[{"count":5,"href":"https:\/\/stefanoconsiglio.com\/it\/wp-json\/wp\/v2\/pages\/1129\/revisions"}],"predecessor-version":[{"id":1165,"href":"https:\/\/stefanoconsiglio.com\/it\/wp-json\/wp\/v2\/pages\/1129\/revisions\/1165"}],"wp:attachment":[{"href":"https:\/\/stefanoconsiglio.com\/it\/wp-json\/wp\/v2\/media?parent=1129"}],"curies":[{"name":"wp","href":"https:\/\/api.w.org\/{rel}","templated":true}]}}