{"id":1124,"date":"2024-08-12T06:59:22","date_gmt":"2024-08-12T04:59:22","guid":{"rendered":"https:\/\/stefanoconsiglio.com\/percorso-di-leadership\/"},"modified":"2026-03-30T10:16:13","modified_gmt":"2026-03-30T08:16:13","slug":"percorso-di-leadership","status":"publish","type":"page","link":"https:\/\/stefanoconsiglio.com\/it\/percorso-di-leadership\/","title":{"rendered":"Percorso di leadership"},"content":{"rendered":"\t\t<div data-elementor-type=\"wp-page\" data-elementor-id=\"1124\" class=\"elementor elementor-1124 elementor-423\">\n\t\t\t\t<div class=\"elementor-element elementor-element-be94551 e-flex e-con-boxed rt-default-class e-con e-parent\" data-id=\"be94551\" data-element_type=\"container\" data-e-type=\"container\">\n\t\t\t\t\t<div class=\"e-con-inner\">\n\t\t<div class=\"elementor-element elementor-element-e2d7b41 e-con-full e-flex rt-default-class e-con e-child\" data-id=\"e2d7b41\" data-element_type=\"container\" data-e-type=\"container\">\n\t\t\t\t<div class=\"elementor-element elementor-element-b12a17d rt-default-class elementor-invisible elementor-widget elementor-widget-heading\" data-id=\"b12a17d\" data-element_type=\"widget\" data-e-type=\"widget\" data-settings=\"{&quot;_animation&quot;:&quot;fadeInUp&quot;}\" data-widget_type=\"heading.default\">\n\t\t\t\t<div class=\"elementor-widget-container\">\n\t\t\t\t\t<span class=\"elementor-heading-title elementor-size-default\">Sintesi<\/span>\t\t\t\t<\/div>\n\t\t\t\t<\/div>\n\t\t\t\t<\/div>\n\t\t<div class=\"elementor-element elementor-element-b6a85bc e-con-full e-flex rt-default-class e-con e-child\" data-id=\"b6a85bc\" data-element_type=\"container\" data-e-type=\"container\">\n\t\t\t\t<div class=\"elementor-element elementor-element-5794b2a rt-default-class elementor-invisible elementor-widget elementor-widget-heading\" data-id=\"5794b2a\" data-element_type=\"widget\" data-e-type=\"widget\" data-settings=\"{&quot;_animation&quot;:&quot;fadeInUp&quot;}\" data-widget_type=\"heading.default\">\n\t\t\t\t<div class=\"elementor-widget-container\">\n\t\t\t\t\t<h2 class=\"elementor-heading-title elementor-size-default\">Un\u2019eredit\u00e0 fatta di trasformazione, crescita e risultati costanti.<\/h2>\t\t\t\t<\/div>\n\t\t\t\t<\/div>\n\t\t<div class=\"elementor-element elementor-element-5d88db7 e-con-full e-flex rt-default-class elementor-invisible e-con e-child\" data-id=\"5d88db7\" data-element_type=\"container\" data-e-type=\"container\" data-settings=\"{&quot;animation&quot;:&quot;fadeInUp&quot;}\">\n\t\t<div class=\"elementor-element elementor-element-3de8f86 e-con-full e-flex rt-default-class e-con e-child\" data-id=\"3de8f86\" data-element_type=\"container\" data-e-type=\"container\">\n\t\t\t\t<div class=\"elementor-element elementor-element-57f8d06 rt-default-class elementor-widget elementor-widget-text-editor\" data-id=\"57f8d06\" data-element_type=\"widget\" data-e-type=\"widget\" data-widget_type=\"text-editor.default\">\n\t\t\t\t<div class=\"elementor-widget-container\">\n\t\t\t\t\t\t\t\t\t<p>La mia carriera \u00e8 definita dalla capacit\u00e0 di guidare organizzazioni complesse attraverso fasi critiche di cambiamento. Dalla direzione di divisioni multinazionali al supporto di realt\u00e0 imprenditoriali nei passaggi di propriet\u00e0, ho sempre saputo coniugare visione strategica e rigore operativo per generare valore sostenibile. <\/p>\t\t\t\t\t\t\t\t<\/div>\n\t\t\t\t<\/div>\n\t\t\t\t<\/div>\n\t\t\t\t<\/div>\n\t\t\t\t<\/div>\n\t\t\t\t\t<\/div>\n\t\t\t\t<\/div>\n\t\t<div class=\"elementor-element elementor-element-747d6f0 e-flex e-con-boxed rt-default-class e-con e-parent\" data-id=\"747d6f0\" data-element_type=\"container\" data-e-type=\"container\">\n\t\t\t\t\t<div class=\"e-con-inner\">\n\t\t<div class=\"elementor-element elementor-element-1e669ed e-con-full e-flex rt-default-class e-con e-child\" data-id=\"1e669ed\" data-element_type=\"container\" data-e-type=\"container\">\n\t\t\t\t<div class=\"elementor-element elementor-element-70ea0dd elementor-widget__width-initial elementor-widget-mobile__width-inherit rt-default-class elementor-invisible elementor-widget elementor-widget-icon-box\" data-id=\"70ea0dd\" data-element_type=\"widget\" data-e-type=\"widget\" data-settings=\"{&quot;_animation&quot;:&quot;fadeInRight&quot;}\" data-widget_type=\"icon-box.default\">\n\t\t\t\t<div class=\"elementor-widget-container\">\n\t\t\t\t\t\t\t<div class=\"elementor-icon-box-wrapper\">\n\n\t\t\t\n\t\t\t\t\t\t<div class=\"elementor-icon-box-content\">\n\n\t\t\t\t\t\t\t\t\t<h3 class=\"elementor-icon-box-title\">\n\t\t\t\t\t\t<span  >\n\t\t\t\t\t\t\tDirezione generale e modernizzazione aziendale\t\t\t\t\t\t<\/span>\n\t\t\t\t\t<\/h3>\n\t\t\t\t\n\t\t\t\t\t\t\t\t\t<p class=\"elementor-icon-box-description\">\n\t\t\t\t\t\tRuolo attuale: il focus principale \u00e8 la rivitalizzazione strutturale e la modernizzazione organizzativa. Ho guidato una riorganizzazione completa della business unit industriale, sostituendo approcci obsoleti con una cultura orientata alle performance, basata sulla chiarezza dei ruoli e su una gestione rigorosa dei KPI.<br>Risultati chiave: ho rilanciato con successo la struttura aziendale e aggiornato il portafoglio prodotti, insieme all\u2019organizzazione vendite e marketing, migliorando la rilevanza nei segmenti strategici. Sotto la mia guida, il business ha registrato un incremento significativo della redditivit\u00e0, con una crescita dei margini EBITDA.  \t\t\t\t\t<\/p>\n\t\t\t\t\n\t\t\t<\/div>\n\t\t\t\n\t\t<\/div>\n\t\t\t\t\t\t<\/div>\n\t\t\t\t<\/div>\n\t\t\t\t<div class=\"elementor-element elementor-element-7948be2 elementor-widget__width-initial elementor-widget-mobile__width-inherit rt-default-class elementor-invisible elementor-widget elementor-widget-icon-box\" data-id=\"7948be2\" data-element_type=\"widget\" data-e-type=\"widget\" data-settings=\"{&quot;_animation&quot;:&quot;fadeInRight&quot;}\" data-widget_type=\"icon-box.default\">\n\t\t\t\t<div class=\"elementor-widget-container\">\n\t\t\t\t\t\t\t<div class=\"elementor-icon-box-wrapper\">\n\n\t\t\t\n\t\t\t\t\t\t<div class=\"elementor-icon-box-content\">\n\n\t\t\t\t\t\t\t\t\t<h3 class=\"elementor-icon-box-title\">\n\t\t\t\t\t\t<span  >\n\t\t\t\t\t\t\tLeadership regionale EMEA e integrazione multinazionale\t\t\t\t\t\t<\/span>\n\t\t\t\t\t<\/h3>\n\t\t\t\t\n\t\t\t\t\t\t\t\t\t<p class=\"elementor-icon-box-description\">\n\t\t\t\t\t\tHo diretto le operazioni commerciali regionali per una grande multinazionale statunitense, supervisionando un portafoglio di brand diversificato e gestendo volumi di fatturato significativi nell\u2019area EMEA.<br>Risultati chiave: ho riorganizzato la rete vendite regionale per migliorare copertura, responsabilit\u00e0 e performance dei canali. Attraverso l\u2019allineamento dei brand tra le diverse business unit, ho garantito una proposta di valore coerente e rafforzato le partnership con clienti internazionali strategici e distributori. Ho inoltre introdotto una maggiore disciplina commerciale, migliorando significativamente l\u2019affidabilit\u00e0 della pipeline e i processi decisionali strategici.  \t\t\t\t\t<\/p>\n\t\t\t\t\n\t\t\t<\/div>\n\t\t\t\n\t\t<\/div>\n\t\t\t\t\t\t<\/div>\n\t\t\t\t<\/div>\n\t\t\t\t<div class=\"elementor-element elementor-element-e63d91d elementor-widget__width-initial elementor-widget-mobile__width-inherit rt-default-class elementor-invisible elementor-widget elementor-widget-icon-box\" data-id=\"e63d91d\" data-element_type=\"widget\" data-e-type=\"widget\" data-settings=\"{&quot;_animation&quot;:&quot;fadeInRight&quot;}\" data-widget_type=\"icon-box.default\">\n\t\t\t\t<div class=\"elementor-widget-container\">\n\t\t\t\t\t\t\t<div class=\"elementor-icon-box-wrapper\">\n\n\t\t\t\n\t\t\t\t\t\t<div class=\"elementor-icon-box-content\">\n\n\t\t\t\t\t\t\t\t\t<h3 class=\"elementor-icon-box-title\">\n\t\t\t\t\t\t<span  >\n\t\t\t\t\t\t\tResponsabilit\u00e0 a livello C-Level e transizioni M&amp;A\t\t\t\t\t\t<\/span>\n\t\t\t\t\t<\/h3>\n\t\t\t\t\n\t\t\t\t\t\t\t\t\t<p class=\"elementor-icon-box-description\">\n\t\t\t\t\t\tIn qualit\u00e0 di Managing Director, ho guidato una importante realt\u00e0 industriale attraverso la complessa transizione da una storica propriet\u00e0 familiare all\u2019integrazione in una multinazionale sostenuta da un fondo di Private Equity.\n\n\nRisultati chiave: ho agito come principale interlocutore nelle negoziazioni di M&amp;A, garantendo la continuit\u00e0 del business e tutelando il valore aziendale durante tutta la transizione. Sotto la mia guida, l\u2019azienda ha registrato una crescita rilevante anno su anno dei ricavi e un incremento dell\u2019EBITDA. Ho inoltre modernizzato i processi produttivi e logistici nei siti internazionali, migliorando sia l\u2019efficienza operativa sia la conformit\u00e0 normativa.  \t\t\t\t\t<\/p>\n\t\t\t\t\n\t\t\t<\/div>\n\t\t\t\n\t\t<\/div>\n\t\t\t\t\t\t<\/div>\n\t\t\t\t<\/div>\n\t\t\t\t<div class=\"elementor-element elementor-element-8757323 elementor-widget__width-initial elementor-widget-mobile__width-inherit rt-default-class elementor-invisible elementor-widget elementor-widget-icon-box\" data-id=\"8757323\" data-element_type=\"widget\" data-e-type=\"widget\" data-settings=\"{&quot;_animation&quot;:&quot;fadeInRight&quot;}\" data-widget_type=\"icon-box.default\">\n\t\t\t\t<div class=\"elementor-widget-container\">\n\t\t\t\t\t\t\t<div class=\"elementor-icon-box-wrapper\">\n\n\t\t\t\n\t\t\t\t\t\t<div class=\"elementor-icon-box-content\">\n\n\t\t\t\t\t\t\t\t\t<h3 class=\"elementor-icon-box-title\">\n\t\t\t\t\t\t<span  >\n\t\t\t\t\t\t\tDirezione commerciale strategica ed espansione internazionale\t\t\t\t\t\t<\/span>\n\t\t\t\t\t<\/h3>\n\t\t\t\t\n\t\t\t\t\t\t\t\t\t<p class=\"elementor-icon-box-description\">\n\t\t\t\t\t\tIn precedenti ruoli dirigenziali, mi sono concentrato sul riposizionamento commerciale e sul rilancio aziendale di realt\u00e0 industriali.\n\n\nRisultati chiave: ho guidato con successo un rilancio aziendale che ha portato il fatturato a pi\u00f9 che raddoppiare rispetto al punto pi\u00f9 basso. Vanto inoltre una comprovata esperienza nell\u2019espansione dei ricavi internazionali, ad esempio aumentando la quota dei mercati esteri attraverso la riorganizzazione delle reti vendita e il rinnovamento dei portafogli prodotto in linea con gli standard distributivi europei. \t\t\t\t\t<\/p>\n\t\t\t\t\n\t\t\t<\/div>\n\t\t\t\n\t\t<\/div>\n\t\t\t\t\t\t<\/div>\n\t\t\t\t<\/div>\n\t\t\t\t<\/div>\n\t\t\t\t\t<\/div>\n\t\t\t\t<\/div>\n\t\t<div class=\"elementor-element elementor-element-63b489b e-flex e-con-boxed rt-default-class e-con e-parent\" data-id=\"63b489b\" data-element_type=\"container\" data-e-type=\"container\">\n\t\t\t\t\t<div class=\"e-con-inner\">\n\t\t\t\t<div class=\"elementor-element elementor-element-96d82e8 rt-default-class elementor-invisible elementor-widget elementor-widget-heading\" data-id=\"96d82e8\" data-element_type=\"widget\" data-e-type=\"widget\" data-settings=\"{&quot;_animation&quot;:&quot;fadeInUp&quot;}\" data-widget_type=\"heading.default\">\n\t\t\t\t<div class=\"elementor-widget-container\">\n\t\t\t\t\t<p class=\"elementor-heading-title elementor-size-default\">Per rispettare la riservatezza delle organizzazioni che ho guidato, i nomi delle aziende e i dati finanziari dettagliati sono stati omessi da questa presentazione. Un Curriculum Vitae completo, comprensivo dell\u2019elenco dettagliato dei risultati e delle referenze professionali, \u00e8 disponibile su richiesta. <\/p>\t\t\t\t<\/div>\n\t\t\t\t<\/div>\n\t\t\t\t\t<\/div>\n\t\t\t\t<\/div>\n\t\t\t\t<\/div>\n\t\t","protected":false},"excerpt":{"rendered":"<p>Sintesi Un\u2019eredit\u00e0 fatta di trasformazione, crescita e risultati costanti. La mia carriera \u00e8 definita dalla capacit\u00e0 di guidare organizzazioni complesse attraverso fasi critiche di cambiamento. Dalla direzione di divisioni multinazionali al supporto di realt\u00e0 imprenditoriali nei passaggi di propriet\u00e0, ho sempre saputo coniugare visione strategica e rigore operativo per generare valore sostenibile. Direzione generale e&#8230;<\/p>\n","protected":false},"author":1,"featured_media":0,"parent":0,"menu_order":0,"comment_status":"closed","ping_status":"closed","template":"elementor_header_footer","meta":{"footnotes":""},"class_list":["post-1124","page","type-page","status-publish","hentry"],"_links":{"self":[{"href":"https:\/\/stefanoconsiglio.com\/it\/wp-json\/wp\/v2\/pages\/1124","targetHints":{"allow":["GET"]}}],"collection":[{"href":"https:\/\/stefanoconsiglio.com\/it\/wp-json\/wp\/v2\/pages"}],"about":[{"href":"https:\/\/stefanoconsiglio.com\/it\/wp-json\/wp\/v2\/types\/page"}],"author":[{"embeddable":true,"href":"https:\/\/stefanoconsiglio.com\/it\/wp-json\/wp\/v2\/users\/1"}],"replies":[{"embeddable":true,"href":"https:\/\/stefanoconsiglio.com\/it\/wp-json\/wp\/v2\/comments?post=1124"}],"version-history":[{"count":1,"href":"https:\/\/stefanoconsiglio.com\/it\/wp-json\/wp\/v2\/pages\/1124\/revisions"}],"predecessor-version":[{"id":1128,"href":"https:\/\/stefanoconsiglio.com\/it\/wp-json\/wp\/v2\/pages\/1124\/revisions\/1128"}],"wp:attachment":[{"href":"https:\/\/stefanoconsiglio.com\/it\/wp-json\/wp\/v2\/media?parent=1124"}],"curies":[{"name":"wp","href":"https:\/\/api.w.org\/{rel}","templated":true}]}}