{"id":1107,"date":"2024-08-07T06:58:39","date_gmt":"2024-08-07T04:58:39","guid":{"rendered":"https:\/\/stefanoconsiglio.com\/profilo\/"},"modified":"2026-03-30T12:42:57","modified_gmt":"2026-03-30T10:42:57","slug":"profilo","status":"publish","type":"page","link":"https:\/\/stefanoconsiglio.com\/it\/profilo\/","title":{"rendered":"Profilo"},"content":{"rendered":"\t\t<div data-elementor-type=\"wp-page\" data-elementor-id=\"1107\" class=\"elementor elementor-1107 elementor-14\">\n\t\t\t\t<div class=\"elementor-element elementor-element-5100fbc e-flex e-con-boxed rt-default-class e-con e-parent\" data-id=\"5100fbc\" data-element_type=\"container\" data-e-type=\"container\">\n\t\t\t\t\t<div class=\"e-con-inner\">\n\t\t<div class=\"elementor-element elementor-element-c14c4d8 e-con-full e-flex rt-default-class e-con e-child\" data-id=\"c14c4d8\" data-element_type=\"container\" data-e-type=\"container\">\n\t\t\t\t<div class=\"elementor-element elementor-element-473ce5a rt-default-class elementor-invisible elementor-widget elementor-widget-heading\" data-id=\"473ce5a\" data-element_type=\"widget\" data-e-type=\"widget\" data-settings=\"{&quot;_animation&quot;:&quot;fadeInUp&quot;}\" data-widget_type=\"heading.default\">\n\t\t\t\t<div class=\"elementor-widget-container\">\n\t\t\t\t\t<span class=\"elementor-heading-title elementor-size-default\">Mindset<\/span>\t\t\t\t<\/div>\n\t\t\t\t<\/div>\n\t\t\t\t<\/div>\n\t\t<div class=\"elementor-element elementor-element-ec5a5ed e-con-full e-flex rt-default-class e-con e-child\" data-id=\"ec5a5ed\" data-element_type=\"container\" data-e-type=\"container\">\n\t\t\t\t<div class=\"elementor-element elementor-element-756177b rt-default-class elementor-invisible elementor-widget elementor-widget-heading\" data-id=\"756177b\" data-element_type=\"widget\" data-e-type=\"widget\" data-settings=\"{&quot;_animation&quot;:&quot;fadeInUp&quot;}\" data-widget_type=\"heading.default\">\n\t\t\t\t<div class=\"elementor-widget-container\">\n\t\t\t\t\t<h2 class=\"elementor-heading-title elementor-size-default\">\u201cPoich\u00e9 una cosa ti sembra difficile, non pensare che sia impossibile per chiunque realizzarla. Ma se qualcosa \u00e8 possibile e adatto all\u2019uomo, consideralo alla tua portata.\u201d\n\nMarco Aurelio<\/h2>\t\t\t\t<\/div>\n\t\t\t\t<\/div>\n\t\t<div class=\"elementor-element elementor-element-48e49da e-con-full e-flex rt-default-class elementor-invisible e-con e-child\" data-id=\"48e49da\" data-element_type=\"container\" data-e-type=\"container\" data-settings=\"{&quot;animation&quot;:&quot;fadeInUp&quot;}\">\n\t\t<div class=\"elementor-element elementor-element-ec9df5a e-con-full e-flex rt-default-class e-con e-child\" data-id=\"ec9df5a\" data-element_type=\"container\" data-e-type=\"container\">\n\t\t\t\t<div class=\"elementor-element elementor-element-a8d73c1 rt-default-class elementor-widget elementor-widget-text-editor\" data-id=\"a8d73c1\" data-element_type=\"widget\" data-e-type=\"widget\" data-widget_type=\"text-editor.default\">\n\t\t\t\t<div class=\"elementor-widget-container\">\n\t\t\t\t\t\t\t\t\t<p>Una mentalit\u00e0 forgiata sul campo<br>Il mio stile di leadership non nasce da un manuale, ma si \u00e8 formato attraverso la concretezza delle sfide reali. Dai miei primi passi nelle vendite fino a ruoli C-Level ad alta responsabilit\u00e0, ho imparato che le strategie pi\u00f9 efficaci sono quelle messe alla prova dalla realt\u00e0. Credo fermamente in una leadership operativa, di quelle che non hanno paura di entrare nella complessit\u00e0 per trovare la strada verso la chiarezza. Per me, ogni espansione di mercato e ogni riorganizzazione aziendale rappresentano una lezione di resilienza ed esecuzione pragmatica.<\/p>\t\t\t\t\t\t\t\t<\/div>\n\t\t\t\t<\/div>\n\t\t\t\t<\/div>\n\t\t\t\t<\/div>\n\t\t\t\t<\/div>\n\t\t\t\t\t<\/div>\n\t\t\t\t<\/div>\n\t\t<div class=\"elementor-element elementor-element-daeac7f e-flex e-con-boxed rt-default-class e-con e-parent\" data-id=\"daeac7f\" data-element_type=\"container\" data-e-type=\"container\">\n\t\t\t\t\t<div class=\"e-con-inner\">\n\t\t<div class=\"elementor-element elementor-element-25675aa e-con-full e-flex rt-default-class e-con e-child\" data-id=\"25675aa\" data-element_type=\"container\" data-e-type=\"container\">\n\t\t\t\t<div class=\"elementor-element elementor-element-50d99d5 rt-default-class elementor-invisible elementor-widget elementor-widget-heading\" data-id=\"50d99d5\" data-element_type=\"widget\" data-e-type=\"widget\" data-settings=\"{&quot;_animation&quot;:&quot;fadeInUp&quot;}\" data-widget_type=\"heading.default\">\n\t\t\t\t<div class=\"elementor-widget-container\">\n\t\t\t\t\t<span class=\"elementor-heading-title elementor-size-default\">Le fondamenta:\ncostruite sul campo<\/span>\t\t\t\t<\/div>\n\t\t\t\t<\/div>\n\t\t\t\t<\/div>\n\t\t<div class=\"elementor-element elementor-element-cdcd0d7 e-con-full e-flex rt-default-class e-con e-child\" data-id=\"cdcd0d7\" data-element_type=\"container\" data-e-type=\"container\">\n\t\t\t\t<div class=\"elementor-element elementor-element-3c1b47e rt-default-class elementor-invisible elementor-widget elementor-widget-heading\" data-id=\"3c1b47e\" data-element_type=\"widget\" data-e-type=\"widget\" data-settings=\"{&quot;_animation&quot;:&quot;fadeInUp&quot;}\" data-widget_type=\"heading.default\">\n\t\t\t\t<div class=\"elementor-widget-container\">\n\t\t\t\t\t<p class=\"elementor-heading-title elementor-size-default\">Il mio percorso verso la leadership esecutiva non \u00e8 stato tracciato da teorie, ma costruito sul campo. \u00c8 il risultato di anni trascorsi in prima linea \u2014 affrontando mercati complessi, celebrando successi conquistati con fatica e imparando lezioni preziose che solo le difficolt\u00e0 sanno insegnare.<br>Sono un leader che d\u00e0 il meglio di s\u00e9 dove strategia ed esecuzione si incontrano, convinto che la vera autorevolezza si guadagni attraverso i risultati e le sfide condivise, non semplicemente con un titolo.  <\/p>\t\t\t\t<\/div>\n\t\t\t\t<\/div>\n\t\t\t\t<\/div>\n\t\t\t\t\t<\/div>\n\t\t\t\t<\/div>\n\t\t<div class=\"elementor-element elementor-element-8934c48 e-flex e-con-boxed rt-default-class e-con e-parent\" data-id=\"8934c48\" data-element_type=\"container\" data-e-type=\"container\">\n\t\t\t\t\t<div class=\"e-con-inner\">\n\t\t<div class=\"elementor-element elementor-element-edd7661 e-con-full e-flex rt-default-class e-con e-child\" data-id=\"edd7661\" data-element_type=\"container\" data-e-type=\"container\">\n\t\t\t\t<div class=\"elementor-element elementor-element-42a1da4 rt-default-class elementor-invisible elementor-widget elementor-widget-heading\" data-id=\"42a1da4\" data-element_type=\"widget\" data-e-type=\"widget\" data-settings=\"{&quot;_animation&quot;:&quot;fadeInUp&quot;}\" data-widget_type=\"heading.default\">\n\t\t\t\t<div class=\"elementor-widget-container\">\n\t\t\t\t\t<span class=\"elementor-heading-title elementor-size-default\">I pilastri del mio approccio<\/span>\t\t\t\t<\/div>\n\t\t\t\t<\/div>\n\t\t\t\t<\/div>\n\t\t<div class=\"elementor-element elementor-element-a03d6e1 e-con-full e-flex rt-default-class e-con e-child\" data-id=\"a03d6e1\" data-element_type=\"container\" data-e-type=\"container\">\n\t\t\t\t<div class=\"elementor-element elementor-element-63d54d9 rt-default-class elementor-invisible elementor-widget elementor-widget-heading\" data-id=\"63d54d9\" data-element_type=\"widget\" data-e-type=\"widget\" data-settings=\"{&quot;_animation&quot;:&quot;fadeInUp&quot;}\" data-widget_type=\"heading.default\">\n\t\t\t\t<div class=\"elementor-widget-container\">\n\t\t\t\t\t<p class=\"elementor-heading-title elementor-size-default\">Colmare il divario tra strategia ed esecuzione, perch\u00e9\nnella mia esperienza come CEO e General Manager ho visto molte strategie fallire non per mancanza di visione, ma per mancanza di traduzione operativa. Agisco come ponte tra la direzione e il campo. Il mio obiettivo \u00e8 garantire che ogni pilastro strategico venga trasformato in azioni concrete, che tutta l\u2019organizzazione possa comprendere, adottare e realizzare.  <\/p>\t\t\t\t<\/div>\n\t\t\t\t<\/div>\n\t\t\t\t<\/div>\n\t\t\t\t\t<\/div>\n\t\t\t\t<\/div>\n\t\t<div class=\"elementor-element elementor-element-f84a004 e-flex e-con-boxed rt-default-class e-con e-parent\" data-id=\"f84a004\" data-element_type=\"container\" data-e-type=\"container\">\n\t\t\t\t\t<div class=\"e-con-inner\">\n\t\t<div class=\"elementor-element elementor-element-55b5dc3 e-con-full e-flex rt-default-class e-con e-child\" data-id=\"55b5dc3\" data-element_type=\"container\" data-e-type=\"container\">\n\t\t\t\t<div class=\"elementor-element elementor-element-9bfcf46 rt-default-class elementor-invisible elementor-widget elementor-widget-heading\" data-id=\"9bfcf46\" data-element_type=\"widget\" data-e-type=\"widget\" data-settings=\"{&quot;_animation&quot;:&quot;fadeInUp&quot;}\" data-widget_type=\"heading.default\">\n\t\t\t\t<div class=\"elementor-widget-container\">\n\t\t\t\t\t<span class=\"elementor-heading-title elementor-size-default\">Un DNA commerciale per la trasformazione aziendale<\/span>\t\t\t\t<\/div>\n\t\t\t\t<\/div>\n\t\t\t\t<\/div>\n\t\t<div class=\"elementor-element elementor-element-1c8985a e-con-full e-flex rt-default-class e-con e-child\" data-id=\"1c8985a\" data-element_type=\"container\" data-e-type=\"container\">\n\t\t\t\t<div class=\"elementor-element elementor-element-2cf8622 rt-default-class elementor-invisible elementor-widget elementor-widget-heading\" data-id=\"2cf8622\" data-element_type=\"widget\" data-e-type=\"widget\" data-settings=\"{&quot;_animation&quot;:&quot;fadeInUp&quot;}\" data-widget_type=\"heading.default\">\n\t\t\t\t<div class=\"elementor-widget-container\">\n\t\t\t\t\t<p class=\"elementor-heading-title elementor-size-default\">Provenendo da una solida esperienza nelle vendite, guardo alla trasformazione attraverso la lente della realt\u00e0 di mercato. Per me, ristrutturare o innovare non \u00e8 mai un fine in s\u00e9, ma un mezzo per creare un vantaggio competitivo pi\u00f9 incisivo.<br>Sfrutto questa mentalit\u00e0 commerciale per guidare le organizzazioni nella complessit\u00e0, assicurando che ogni cambiamento generi \u201ccoerenza\u201d misurabile e crescita del fatturato.  <\/p>\t\t\t\t<\/div>\n\t\t\t\t<\/div>\n\t\t\t\t<\/div>\n\t\t\t\t\t<\/div>\n\t\t\t\t<\/div>\n\t\t<div class=\"elementor-element elementor-element-fd15694 e-flex e-con-boxed rt-default-class e-con e-parent\" data-id=\"fd15694\" data-element_type=\"container\" data-e-type=\"container\">\n\t\t\t\t\t<div class=\"e-con-inner\">\n\t\t<div class=\"elementor-element elementor-element-d42f6cd e-con-full e-flex rt-default-class e-con e-child\" data-id=\"d42f6cd\" data-element_type=\"container\" data-e-type=\"container\">\n\t\t\t\t<div class=\"elementor-element elementor-element-2cdae20 rt-default-class elementor-invisible elementor-widget elementor-widget-heading\" data-id=\"2cdae20\" data-element_type=\"widget\" data-e-type=\"widget\" data-settings=\"{&quot;_animation&quot;:&quot;fadeInUp&quot;}\" data-widget_type=\"heading.default\">\n\t\t\t\t<div class=\"elementor-widget-container\">\n\t\t\t\t\t<span class=\"elementor-heading-title elementor-size-default\">Coltivare culture ad alte prestazioni<\/span>\t\t\t\t<\/div>\n\t\t\t\t<\/div>\n\t\t\t\t<\/div>\n\t\t<div class=\"elementor-element elementor-element-27fa6bb e-con-full e-flex rt-default-class e-con e-child\" data-id=\"27fa6bb\" data-element_type=\"container\" data-e-type=\"container\">\n\t\t\t\t<div class=\"elementor-element elementor-element-7149cf5 rt-default-class elementor-invisible elementor-widget elementor-widget-heading\" data-id=\"7149cf5\" data-element_type=\"widget\" data-e-type=\"widget\" data-settings=\"{&quot;_animation&quot;:&quot;fadeInUp&quot;}\" data-widget_type=\"heading.default\">\n\t\t\t\t<div class=\"elementor-widget-container\">\n\t\t\t\t\t<p class=\"elementor-heading-title elementor-size-default\">I numeri sono il risultato, ma le persone sono il motore. Avendo guidato team eterogenei a livello nazionale e internazionale, ho imparato che le organizzazioni pi\u00f9 resilienti sono quelle in cui la responsabilit\u00e0 incontra l\u2019ispirazione.<br>Mi concentro sulla costruzione di culture in cui l\u2019alta performance \u00e8 una conseguenza naturale di chiarezza, fiducia e ambizione condivisa.  <\/p>\t\t\t\t<\/div>\n\t\t\t\t<\/div>\n\t\t\t\t<\/div>\n\t\t\t\t\t<\/div>\n\t\t\t\t<\/div>\n\t\t<div class=\"elementor-element elementor-element-459d246 e-flex e-con-boxed rt-default-class e-con e-parent\" data-id=\"459d246\" data-element_type=\"container\" data-e-type=\"container\">\n\t\t\t\t\t<div class=\"e-con-inner\">\n\t\t\t\t<div class=\"elementor-element elementor-element-f81831f rt-default-class elementor-invisible elementor-widget elementor-widget-heading\" data-id=\"f81831f\" data-element_type=\"widget\" data-e-type=\"widget\" data-settings=\"{&quot;_animation&quot;:&quot;fadeInUp&quot;}\" data-widget_type=\"heading.default\">\n\t\t\t\t<div class=\"elementor-widget-container\">\n\t\t\t\t\t<span class=\"elementor-heading-title elementor-size-default\">Oltre gli impegni di lavoro<\/span>\t\t\t\t<\/div>\n\t\t\t\t<\/div>\n\t\t\t\t<div class=\"elementor-element elementor-element-13a77a4 rt-default-class elementor-invisible elementor-widget elementor-widget-heading\" data-id=\"13a77a4\" data-element_type=\"widget\" data-e-type=\"widget\" data-settings=\"{&quot;_animation&quot;:&quot;fadeInUp&quot;}\" data-widget_type=\"heading.default\">\n\t\t\t\t<div class=\"elementor-widget-container\">\n\t\t\t\t\t<p class=\"elementor-heading-title elementor-size-default\">La leadership \u00e8 un impegno costante, ma \u00e8 alimentata anche dalla vita che viviamo al di fuori dell\u2019ufficio. Credo fermamente che una persona con un giusto equilibrio tra lavoro e vita privata, sia un leader migliore. \n\nCittadino del mondo: Nel corso della mia vita ho avuto la fortuna di attraversare culture e Paesi diversi, sviluppando cos\u00ec una profonda consapevolezza del valore della diversit\u00e0 e di come questo spesso possa essere motore di innovazione.\n\nFamiglia &amp; Valori: sono il padre orgoglioso di due figli straordinari che, con la visione tipica della giovinezza, mi tengono a volte con i piedi per terra, ricordandomi anche quanto sia importante l'appartenenza e l'integrit\u00e0 di certi valori.\n\nL\u2019arte del dettaglio: quando non sono impegnato a definire strategie di business, \u00e8 probabile che io sia in cucina. Cucinare \u00e8 il mio modo di esercitare concentrazione e creativit\u00e0: \u00e8 l\u00ec che sperimento sapori e trovo equilibrio. \n\nRimango un professionista \u201caffamato\u201d e curioso, sempre alla ricerca della prossima esperienza capace di arricchire la mia prospettiva e le organizzazioni che guido.<\/p>\t\t\t\t<\/div>\n\t\t\t\t<\/div>\n\t\t\t\t\t<\/div>\n\t\t\t\t<\/div>\n\t\t\t\t<\/div>\n\t\t","protected":false},"excerpt":{"rendered":"<p>Mindset \u201cPoich\u00e9 una cosa ti sembra difficile, non pensare che sia impossibile per chiunque realizzarla. Ma se qualcosa \u00e8 possibile e adatto all\u2019uomo, consideralo alla tua portata.\u201d Marco Aurelio Una mentalit\u00e0 forgiata sul campoIl mio stile di leadership non nasce da un manuale, ma si \u00e8 formato attraverso la concretezza delle sfide reali. Dai miei&#8230;<\/p>\n","protected":false},"author":1,"featured_media":0,"parent":0,"menu_order":0,"comment_status":"closed","ping_status":"closed","template":"elementor_header_footer","meta":{"footnotes":""},"class_list":["post-1107","page","type-page","status-publish","hentry"],"_links":{"self":[{"href":"https:\/\/stefanoconsiglio.com\/it\/wp-json\/wp\/v2\/pages\/1107","targetHints":{"allow":["GET"]}}],"collection":[{"href":"https:\/\/stefanoconsiglio.com\/it\/wp-json\/wp\/v2\/pages"}],"about":[{"href":"https:\/\/stefanoconsiglio.com\/it\/wp-json\/wp\/v2\/types\/page"}],"author":[{"embeddable":true,"href":"https:\/\/stefanoconsiglio.com\/it\/wp-json\/wp\/v2\/users\/1"}],"replies":[{"embeddable":true,"href":"https:\/\/stefanoconsiglio.com\/it\/wp-json\/wp\/v2\/comments?post=1107"}],"version-history":[{"count":9,"href":"https:\/\/stefanoconsiglio.com\/it\/wp-json\/wp\/v2\/pages\/1107\/revisions"}],"predecessor-version":[{"id":1163,"href":"https:\/\/stefanoconsiglio.com\/it\/wp-json\/wp\/v2\/pages\/1107\/revisions\/1163"}],"wp:attachment":[{"href":"https:\/\/stefanoconsiglio.com\/it\/wp-json\/wp\/v2\/media?parent=1107"}],"curies":[{"name":"wp","href":"https:\/\/api.w.org\/{rel}","templated":true}]}}