{"id":1096,"date":"2024-08-07T06:58:01","date_gmt":"2024-08-07T04:58:01","guid":{"rendered":"https:\/\/stefanoconsiglio.com\/stefano-consiglio\/"},"modified":"2026-03-30T12:12:15","modified_gmt":"2026-03-30T10:12:15","slug":"stefano-consiglio","status":"publish","type":"page","link":"https:\/\/stefanoconsiglio.com\/it\/","title":{"rendered":"Stefano Consiglio"},"content":{"rendered":"\t\t<div data-elementor-type=\"wp-page\" data-elementor-id=\"1096\" class=\"elementor elementor-1096 elementor-12\">\n\t\t\t\t<div class=\"elementor-element elementor-element-10fcebd e-flex e-con-boxed rt-default-class e-con e-parent\" data-id=\"10fcebd\" data-element_type=\"container\" data-e-type=\"container\">\n\t\t\t\t\t<div class=\"e-con-inner\">\n\t\t<div class=\"elementor-element elementor-element-7ec9e80 e-con-full e-flex rt-default-class e-con e-child\" data-id=\"7ec9e80\" data-element_type=\"container\" data-e-type=\"container\">\n\t\t<div class=\"elementor-element elementor-element-8a78a3d e-con-full e-flex rt-default-class e-con e-child\" data-id=\"8a78a3d\" data-element_type=\"container\" data-e-type=\"container\">\n\t\t\t\t<div class=\"elementor-element elementor-element-bcd9b9b rt-default-class elementor-invisible elementor-widget elementor-widget-heading\" data-id=\"bcd9b9b\" data-element_type=\"widget\" data-e-type=\"widget\" data-settings=\"{&quot;_animation&quot;:&quot;fadeInUp&quot;}\" data-widget_type=\"heading.default\">\n\t\t\t\t<div class=\"elementor-widget-container\">\n\t\t\t\t\t<span class=\"elementor-heading-title elementor-size-default\">Profilo<\/span>\t\t\t\t<\/div>\n\t\t\t\t<\/div>\n\t\t\t\t<div class=\"elementor-element elementor-element-587d131 rt-default-class elementor-invisible elementor-widget elementor-widget-heading\" data-id=\"587d131\" data-element_type=\"widget\" data-e-type=\"widget\" data-settings=\"{&quot;_animation&quot;:&quot;fadeInUp&quot;}\" data-widget_type=\"heading.default\">\n\t\t\t\t<div class=\"elementor-widget-container\">\n\t\t\t\t\t<h2 class=\"elementor-heading-title elementor-size-default\">C-Level Executive | \nMi occupo di trasformazione Aziendale e Crescita Strategica. \nUn approccio esperto che integra competenze, sviluppo commerciale e focus sui processi produttivi.<\/h2>\t\t\t\t<\/div>\n\t\t\t\t<\/div>\n\t\t\t\t<div class=\"elementor-element elementor-element-c63c226 rt-default-class elementor-invisible elementor-widget elementor-widget-heading\" data-id=\"c63c226\" data-element_type=\"widget\" data-e-type=\"widget\" data-settings=\"{&quot;_animation&quot;:&quot;fadeInUp&quot;}\" data-widget_type=\"heading.default\">\n\t\t\t\t<div class=\"elementor-widget-container\">\n\t\t\t\t\t<p class=\"elementor-heading-title elementor-size-default\">Ho maturato una consolidata esperienza nella guida di organizzazioni complesse e imprese familiari, accompagnandole attraverso fasi determinanti di crescita strategica e ristrutturazione aziendale. Grazie a un solido background commerciale e gestionale acquisito sul campo, sviluppo modelli organizzativi ad alte prestazioni, capaci di convertire le sfide del mercato globale in vantaggi competitivi sostenibili. <\/p>\t\t\t\t<\/div>\n\t\t\t\t<\/div>\n\t\t\t\t<div class=\"elementor-element elementor-element-547c225 elementor-widget__width-inherit rt-default-class elementor-invisible elementor-widget elementor-widget-react-button\" data-id=\"547c225\" data-element_type=\"widget\" data-e-type=\"widget\" data-settings=\"{&quot;_animation&quot;:&quot;fadeInUp&quot;}\" data-widget_type=\"react-button.default\">\n\t\t\t\t<div class=\"elementor-widget-container\">\n\t\t\t\t\t\t\n\t\t\n\t\t<div class=\"react-button  primary_btn\">\n\t\t\t\t\t\t<a class=\"react_button hover_effect\" href=\"https:\/\/stefanoconsiglio.com\/it\/profilo\/\" >\t\t\t\t\n\t\t\t\t<span class=\"btn_text\" > Su di me <\/span>\n\t\t\t<\/a>\n\t\t<\/div>\n\t\n\n\t\t\t\t\t<\/div>\n\t\t\t\t<\/div>\n\t\t\t\t<\/div>\n\t\t<div class=\"elementor-element elementor-element-20d86c2 e-con-full e-flex rt-default-class e-con e-child\" data-id=\"20d86c2\" data-element_type=\"container\" data-e-type=\"container\">\n\t\t\t\t<div class=\"elementor-element elementor-element-031b5dc elementor-widget-mobile__width-inherit rt-default-class elementor-invisible elementor-widget elementor-widget-rt-react-image\" data-id=\"031b5dc\" data-element_type=\"widget\" data-e-type=\"widget\" data-settings=\"{&quot;_animation&quot;:&quot;fadeInUp&quot;}\" data-widget_type=\"rt-react-image.default\">\n\t\t\t\t<div class=\"elementor-widget-container\">\n\t\t\t\t\t                        <div class=\"reveal-item overflow-hidden aos-init\">\n                     <div class=\"reveal-animation reveal-end reveal-primary aos aos-init\" data-aos=\"reveal-end\"><\/div>\n                     <img decoding=\"async\" class=\"react-multi-image  \" src=\"https:\/\/stefanoconsiglio.com\/wp-content\/uploads\/2026\/02\/Stereal2.jpg\" alt=\"\"\/>\n                 <\/div>\n                        \n    \t\t\t\t<\/div>\n\t\t\t\t<\/div>\n\t\t\t\t<\/div>\n\t\t\t\t<\/div>\n\t\t<div class=\"elementor-element elementor-element-f5e5ce3 e-con-full e-flex rt-default-class e-con e-child\" data-id=\"f5e5ce3\" data-element_type=\"container\" data-e-type=\"container\">\n\t\t\t\t<div class=\"elementor-element elementor-element-fd5ea13 rt-default-class elementor-widget elementor-widget-counter\" data-id=\"fd5ea13\" data-element_type=\"widget\" data-e-type=\"widget\" data-widget_type=\"counter.default\">\n\t\t\t\t<div class=\"elementor-widget-container\">\n\t\t\t\t\t\t\t<div class=\"elementor-counter\">\n\t\t\t<p class=\"elementor-counter-title\">Anni di esperienza<\/p>\t\t\t<div class=\"elementor-counter-number-wrapper\">\n\t\t\t\t<span class=\"elementor-counter-number-prefix\"><\/span>\n\t\t\t\t<span class=\"elementor-counter-number\" data-duration=\"2000\" data-to-value=\"25\" data-from-value=\"0\">0<\/span>\n\t\t\t\t<span class=\"elementor-counter-number-suffix\">+<\/span>\n\t\t\t<\/div>\n\t\t<\/div>\n\t\t\t\t\t\t<\/div>\n\t\t\t\t<\/div>\n\t\t\t\t<div class=\"elementor-element elementor-element-4c858d5 rt-default-class elementor-widget elementor-widget-counter\" data-id=\"4c858d5\" data-element_type=\"widget\" data-e-type=\"widget\" data-widget_type=\"counter.default\">\n\t\t\t\t<div class=\"elementor-widget-container\">\n\t\t\t\t\t\t\t<div class=\"elementor-counter\">\n\t\t\t<p class=\"elementor-counter-title\">Ruoli di leadership<\/p>\t\t\t<div class=\"elementor-counter-number-wrapper\">\n\t\t\t\t<span class=\"elementor-counter-number-prefix\"><\/span>\n\t\t\t\t<span class=\"elementor-counter-number\" data-duration=\"2000\" data-to-value=\"7\" data-from-value=\"0\">0<\/span>\n\t\t\t\t<span class=\"elementor-counter-number-suffix\"><\/span>\n\t\t\t<\/div>\n\t\t<\/div>\n\t\t\t\t\t\t<\/div>\n\t\t\t\t<\/div>\n\t\t\t\t<div class=\"elementor-element elementor-element-a92ddb5 rt-default-class elementor-widget elementor-widget-counter\" data-id=\"a92ddb5\" data-element_type=\"widget\" data-e-type=\"widget\" data-widget_type=\"counter.default\">\n\t\t\t\t<div class=\"elementor-widget-container\">\n\t\t\t\t\t\t\t<div class=\"elementor-counter\">\n\t\t\t<p class=\"elementor-counter-title\">Lingue parlate<\/p>\t\t\t<div class=\"elementor-counter-number-wrapper\">\n\t\t\t\t<span class=\"elementor-counter-number-prefix\"><\/span>\n\t\t\t\t<span class=\"elementor-counter-number\" data-duration=\"2000\" data-to-value=\"3\" data-from-value=\"0\">0<\/span>\n\t\t\t\t<span class=\"elementor-counter-number-suffix\"><\/span>\n\t\t\t<\/div>\n\t\t<\/div>\n\t\t\t\t\t\t<\/div>\n\t\t\t\t<\/div>\n\t\t\t\t<\/div>\n\t\t<div class=\"elementor-element elementor-element-2d13537 e-con-full e-flex rt-default-class e-con e-child\" data-id=\"2d13537\" data-element_type=\"container\" data-e-type=\"container\">\n\t\t\t\t<div class=\"elementor-element elementor-element-8397c99 rt-default-class elementor-invisible elementor-widget elementor-widget-heading\" data-id=\"8397c99\" data-element_type=\"widget\" data-e-type=\"widget\" data-settings=\"{&quot;_animation&quot;:&quot;fadeInUp&quot;}\" data-widget_type=\"heading.default\">\n\t\t\t\t<div class=\"elementor-widget-container\">\n\t\t\t\t\t<p class=\"elementor-heading-title elementor-size-default\">\u201cLa strategia vale quanto la sua esecuzione. Il mio compito \u00e8 quello di colmare il divario tra la visione di alto livello e la realt\u00e0 operativa per offrire una crescita solida, misurabile e vincente\"<\/p>\t\t\t\t<\/div>\n\t\t\t\t<\/div>\n\t\t\t\t<\/div>\n\t\t\t\t\t<\/div>\n\t\t\t\t<\/div>\n\t\t<div class=\"elementor-element elementor-element-b70c8a9 e-flex e-con-boxed rt-default-class e-con e-parent\" data-id=\"b70c8a9\" data-element_type=\"container\" data-e-type=\"container\">\n\t\t\t\t\t<div class=\"e-con-inner\">\n\t\t<div class=\"elementor-element elementor-element-39447bb e-con-full e-flex rt-default-class e-con e-child\" data-id=\"39447bb\" data-element_type=\"container\" data-e-type=\"container\">\n\t\t\t\t<div class=\"elementor-element elementor-element-2cd10f1 rt-default-class elementor-invisible elementor-widget elementor-widget-heading\" data-id=\"2cd10f1\" data-element_type=\"widget\" data-e-type=\"widget\" data-settings=\"{&quot;_animation&quot;:&quot;fadeInUp&quot;}\" data-widget_type=\"heading.default\">\n\t\t\t\t<div class=\"elementor-widget-container\">\n\t\t\t\t\t<span class=\"elementor-heading-title elementor-size-default\">Su di me<\/span>\t\t\t\t<\/div>\n\t\t\t\t<\/div>\n\t\t\t\t<\/div>\n\t\t<div class=\"elementor-element elementor-element-7dac70f e-con-full e-flex rt-default-class e-con e-child\" data-id=\"7dac70f\" data-element_type=\"container\" data-e-type=\"container\">\n\t\t\t\t<div class=\"elementor-element elementor-element-1c95b6f rt-default-class elementor-invisible elementor-widget elementor-widget-heading\" data-id=\"1c95b6f\" data-element_type=\"widget\" data-e-type=\"widget\" data-settings=\"{&quot;_animation&quot;:&quot;fadeInUp&quot;}\" data-widget_type=\"heading.default\">\n\t\t\t\t<div class=\"elementor-widget-container\">\n\t\t\t\t\t<h2 class=\"elementor-heading-title elementor-size-default\">Offrire valore attraverso la coerenza strategica<\/h2>\t\t\t\t<\/div>\n\t\t\t\t<\/div>\n\t\t<div class=\"elementor-element elementor-element-7c45f01 e-con-full e-flex rt-default-class elementor-invisible e-con e-child\" data-id=\"7c45f01\" data-element_type=\"container\" data-e-type=\"container\" data-settings=\"{&quot;animation&quot;:&quot;fadeInUp&quot;}\">\n\t\t<div class=\"elementor-element elementor-element-4023d51 e-con-full e-flex rt-default-class e-con e-child\" data-id=\"4023d51\" data-element_type=\"container\" data-e-type=\"container\">\n\t\t\t\t<div class=\"elementor-element elementor-element-e2ec1b4 rt-default-class elementor-widget elementor-widget-text-editor\" data-id=\"e2ec1b4\" data-element_type=\"widget\" data-e-type=\"widget\" data-widget_type=\"text-editor.default\">\n\t\t\t\t<div class=\"elementor-widget-container\">\n\t\t\t\t\t\t\t\t\t<p>Credo che la crescita sostenibile sia il risultato di un&#8217;esecuzione disciplinata e di una costante attenzione all&#8217;evoluzione del mercato. Al di l\u00e0 dei titoli, il mio impegno \u00e8 trasformare la complessit\u00e0 in chiarezza, costruendo organizzazioni resilienti che non si limitano a navigare nei mercati, ma prima di tutto a comprenderli e guidarli. <\/p>\t\t\t\t\t\t\t\t<\/div>\n\t\t\t\t<\/div>\n\t\t\t\t<\/div>\n\t\t\t\t<\/div>\n\t\t\t\t<\/div>\n\t\t\t\t\t<\/div>\n\t\t\t\t<\/div>\n\t\t<div class=\"elementor-element elementor-element-7df9582 e-flex e-con-boxed rt-default-class e-con e-parent\" data-id=\"7df9582\" data-element_type=\"container\" data-e-type=\"container\">\n\t\t\t\t\t<div class=\"e-con-inner\">\n\t\t<div class=\"elementor-element elementor-element-7047e63 e-con-full e-flex rt-default-class elementor-invisible e-con e-child\" data-id=\"7047e63\" data-element_type=\"container\" data-e-type=\"container\" data-settings=\"{&quot;animation&quot;:&quot;fadeInRight&quot;}\">\n\t\t\t\t<div class=\"elementor-element elementor-element-db78d04 elementor-widget-mobile__width-inherit rt-default-class elementor-widget elementor-widget-rt-react-image\" data-id=\"db78d04\" data-element_type=\"widget\" data-e-type=\"widget\" data-widget_type=\"rt-react-image.default\">\n\t\t\t\t<div class=\"elementor-widget-container\">\n\t\t\t\t\t                    <div data-jarallax class=\"react-jarallax-img jarallax react-image\">\n                                    <img decoding=\"async\" class=\"jarallax-img \" src=\"https:\/\/stefanoconsiglio.com\/wp-content\/uploads\/2026\/02\/sfondo2.png\"\/>\n                            <\/div>\n                   \n    \t\t\t\t<\/div>\n\t\t\t\t<\/div>\n\t\t\t\t<div class=\"elementor-element elementor-element-b782789 elementor-absolute rt-default-class elementor-widget elementor-widget-heading\" data-id=\"b782789\" data-element_type=\"widget\" data-e-type=\"widget\" data-settings=\"{&quot;_position&quot;:&quot;absolute&quot;}\" data-widget_type=\"heading.default\">\n\t\t\t\t<div class=\"elementor-widget-container\">\n\t\t\t\t\t<h3 class=\"elementor-heading-title elementor-size-default\">Cosa faccio<\/h3>\t\t\t\t<\/div>\n\t\t\t\t<\/div>\n\t\t\t\t<\/div>\n\t\t<div class=\"elementor-element elementor-element-84899a7 e-con-full e-flex rt-default-class e-con e-child\" data-id=\"84899a7\" data-element_type=\"container\" data-e-type=\"container\">\n\t\t\t\t<div class=\"elementor-element elementor-element-13633cc elementor-widget__width-initial rt-default-class elementor-invisible elementor-widget elementor-widget-icon-box\" data-id=\"13633cc\" data-element_type=\"widget\" data-e-type=\"widget\" data-settings=\"{&quot;_animation&quot;:&quot;fadeInRight&quot;}\" data-widget_type=\"icon-box.default\">\n\t\t\t\t<div class=\"elementor-widget-container\">\n\t\t\t\t\t\t\t<div class=\"elementor-icon-box-wrapper\">\n\n\t\t\t\n\t\t\t\t\t\t<div class=\"elementor-icon-box-content\">\n\n\t\t\t\t\t\t\t\t\t<h3 class=\"elementor-icon-box-title\">\n\t\t\t\t\t\t<span  >\n\t\t\t\t\t\t\tCrescita strategica e scalabilit\u00e0 globale\t\t\t\t\t\t<\/span>\n\t\t\t\t\t<\/h3>\n\t\t\t\t\n\t\t\t\t\t\t\t\t\t<p class=\"elementor-icon-box-description\">\n\t\t\t\t\t\tFocus: Market Intelligence. Progetto modelli di \"Go-to-Market\" scalabili basati su approfondite analisi ed esperienze concrete. Sfruttando il mio DNA commerciale, costruisco partnership strategiche e posizioni di mercato difendibili che trasformano gli obiettivi di fatturato in un successo a lungo termine. \t\t\t\t\t<\/p>\n\t\t\t\t\n\t\t\t<\/div>\n\t\t\t\n\t\t<\/div>\n\t\t\t\t\t\t<\/div>\n\t\t\t\t<\/div>\n\t\t\t\t<div class=\"elementor-element elementor-element-7c8af89 elementor-widget__width-initial rt-default-class elementor-invisible elementor-widget elementor-widget-icon-box\" data-id=\"7c8af89\" data-element_type=\"widget\" data-e-type=\"widget\" data-settings=\"{&quot;_animation&quot;:&quot;fadeInRight&quot;}\" data-widget_type=\"icon-box.default\">\n\t\t\t\t<div class=\"elementor-widget-container\">\n\t\t\t\t\t\t\t<div class=\"elementor-icon-box-wrapper\">\n\n\t\t\t\n\t\t\t\t\t\t<div class=\"elementor-icon-box-content\">\n\n\t\t\t\t\t\t\t\t\t<h3 class=\"elementor-icon-box-title\">\n\t\t\t\t\t\t<span  >\n\t\t\t\t\t\t\tTrasformazione e agilit\u00e0 strutturale\t\t\t\t\t\t<\/span>\n\t\t\t\t\t<\/h3>\n\t\t\t\t\n\t\t\t\t\t\t\t\t\t<p class=\"elementor-icon-box-description\">\n\t\t\t\t\t\tFocus: Evoluzione senza attriti. Trasformo la complessit\u00e0 in agilit\u00e0 abbattendo i silos e ponendo il miglioramento delle persone al centro del cambiamento. Integro innovazione digitale e snellezza organizzativa per liberare il potenziale dei team, rendendoli capaci di collaborare con fluidit\u00e0 e reagire istantaneamente alle dinamiche del mercato. \t\t\t\t\t<\/p>\n\t\t\t\t\n\t\t\t<\/div>\n\t\t\t\n\t\t<\/div>\n\t\t\t\t\t\t<\/div>\n\t\t\t\t<\/div>\n\t\t\t\t<div class=\"elementor-element elementor-element-f667658 elementor-widget__width-initial rt-default-class elementor-invisible elementor-widget elementor-widget-icon-box\" data-id=\"f667658\" data-element_type=\"widget\" data-e-type=\"widget\" data-settings=\"{&quot;_animation&quot;:&quot;fadeInRight&quot;}\" data-widget_type=\"icon-box.default\">\n\t\t\t\t<div class=\"elementor-widget-container\">\n\t\t\t\t\t\t\t<div class=\"elementor-icon-box-wrapper\">\n\n\t\t\t\n\t\t\t\t\t\t<div class=\"elementor-icon-box-content\">\n\n\t\t\t\t\t\t\t\t\t<h3 class=\"elementor-icon-box-title\">\n\t\t\t\t\t\t<span  >\n\t\t\t\t\t\t\tLeadership di team interfunzionali\t\t\t\t\t\t<\/span>\n\t\t\t\t\t<\/h3>\n\t\t\t\t\n\t\t\t\t\t\t\t\t\t<p class=\"elementor-icon-box-description\">\n\t\t\t\t\t\tFocus: Eccellenza culturale. Oltre a gestire le strutture, guido le persone. Sono specializzato nella costruzione di culture ad alte prestazioni basate sulla fiducia e sulla responsabilit\u00e0, implementando chiari quadri di ownership per allineare i talenti individuali agli obiettivi aziendali. \t\t\t\t\t<\/p>\n\t\t\t\t\n\t\t\t<\/div>\n\t\t\t\n\t\t<\/div>\n\t\t\t\t\t\t<\/div>\n\t\t\t\t<\/div>\n\t\t\t\t<div class=\"elementor-element elementor-element-e82e52f elementor-widget__width-initial rt-default-class elementor-invisible elementor-widget elementor-widget-icon-box\" data-id=\"e82e52f\" data-element_type=\"widget\" data-e-type=\"widget\" data-settings=\"{&quot;_animation&quot;:&quot;fadeInRight&quot;}\" data-widget_type=\"icon-box.default\">\n\t\t\t\t<div class=\"elementor-widget-container\">\n\t\t\t\t\t\t\t<div class=\"elementor-icon-box-wrapper\">\n\n\t\t\t\n\t\t\t\t\t\t<div class=\"elementor-icon-box-content\">\n\n\t\t\t\t\t\t\t\t\t<h3 class=\"elementor-icon-box-title\">\n\t\t\t\t\t\t<span  >\n\t\t\t\t\t\t\tGestione P&amp;L ed esecuzione dei KPI\t\t\t\t\t\t<\/span>\n\t\t\t\t\t<\/h3>\n\t\t\t\t\n\t\t\t\t\t\t\t\t\t<p class=\"elementor-icon-box-description\">\n\t\t\t\t\t\tFocus: Ottimizzazione del valore. Gestisco il P&amp;L con un focus sulla crescita sostenibile dell'EBITDA, ottimizzando le strutture dei costi e l'allocazione del capitale.  \t\t\t\t\t<\/p>\n\t\t\t\t\n\t\t\t<\/div>\n\t\t\t\n\t\t<\/div>\n\t\t\t\t\t\t<\/div>\n\t\t\t\t<\/div>\n\t\t\t\t<\/div>\n\t\t\t\t\t<\/div>\n\t\t\t\t<\/div>\n\t\t<div class=\"elementor-element elementor-element-e40aeaf e-flex e-con-boxed rt-default-class e-con e-parent\" data-id=\"e40aeaf\" data-element_type=\"container\" data-e-type=\"container\">\n\t\t\t\t\t<div class=\"e-con-inner\">\n\t\t<div class=\"elementor-element elementor-element-d61dcf9 e-con-full e-flex rt-default-class e-con e-child\" data-id=\"d61dcf9\" data-element_type=\"container\" data-e-type=\"container\">\n\t\t<div class=\"elementor-element elementor-element-aeefd89 e-con-full e-flex rt-default-class e-con e-child\" data-id=\"aeefd89\" data-element_type=\"container\" data-e-type=\"container\">\n\t\t\t\t<div class=\"elementor-element elementor-element-d468d73 rt-default-class elementor-invisible elementor-widget elementor-widget-heading\" data-id=\"d468d73\" data-element_type=\"widget\" data-e-type=\"widget\" data-settings=\"{&quot;_animation&quot;:&quot;fadeInUp&quot;}\" data-widget_type=\"heading.default\">\n\t\t\t\t<div class=\"elementor-widget-container\">\n\t\t\t\t\t<span class=\"elementor-heading-title elementor-size-default\">Esperienza<\/span>\t\t\t\t<\/div>\n\t\t\t\t<\/div>\n\t\t\t\t<\/div>\n\t\t<div class=\"elementor-element elementor-element-fe092b0 e-con-full e-flex rt-default-class e-con e-child\" data-id=\"fe092b0\" data-element_type=\"container\" data-e-type=\"container\">\n\t\t\t\t<div class=\"elementor-element elementor-element-82759b5 rt-default-class elementor-invisible elementor-widget elementor-widget-heading\" data-id=\"82759b5\" data-element_type=\"widget\" data-e-type=\"widget\" data-settings=\"{&quot;_animation&quot;:&quot;fadeInUp&quot;}\" data-widget_type=\"heading.default\">\n\t\t\t\t<div class=\"elementor-widget-container\">\n\t\t\t\t\t<h2 class=\"elementor-heading-title elementor-size-default\">Oltre 25 anni in ruoli di leadership<\/h2>\t\t\t\t<\/div>\n\t\t\t\t<\/div>\n\t\t\t\t<div class=\"elementor-element elementor-element-e630dde rt-default-class elementor-widget elementor-widget-text-editor\" data-id=\"e630dde\" data-element_type=\"widget\" data-e-type=\"widget\" data-widget_type=\"text-editor.default\">\n\t\t\t\t<div class=\"elementor-widget-container\">\n\t\t\t\t\t\t\t\t\t<p>Ho guidato con successo aziende attraverso trasformazioni societarie, esecuzione di strategie di vendita e marketing ed espansione globale. La mia esperienza include posizioni di leadership in multinazionali e organizzazioni leader di mercato. <\/p>\t\t\t\t\t\t\t\t<\/div>\n\t\t\t\t<\/div>\n\t\t\t\t<\/div>\n\t\t\t\t<\/div>\n\t\t\t\t\t<\/div>\n\t\t\t\t<\/div>\n\t\t<div class=\"elementor-element elementor-element-1a6968c e-flex e-con-boxed rt-default-class e-con e-parent\" data-id=\"1a6968c\" data-element_type=\"container\" data-e-type=\"container\">\n\t\t\t\t\t<div class=\"e-con-inner\">\n\t\t\t\t<div class=\"elementor-element elementor-element-4b8a190 rt-default-class elementor-invisible elementor-widget elementor-widget-rt-marquee\" data-id=\"4b8a190\" data-element_type=\"widget\" data-e-type=\"widget\" data-settings=\"{&quot;_animation&quot;:&quot;fadeInRight&quot;}\" data-widget_type=\"rt-marquee.default\">\n\t\t\t\t<div class=\"elementor-widget-container\">\n\t\t\t\t\t                    <div class=\"rt-marquee stroke-yes\">\n                <div class=\"title 11077 no\">\n                    <p>Executive esperto | Vendite, Marketing e Direzione Generale | Crescita aziendale, Innovazione e Sviluppo prodotto<\/p>\n                <\/div>\n            <\/div>\n                <script>\n            (function($) {\n                'use strict';\n                $(document).ready(function() {\n                    function Marquee (){\n                        $('.rt-marquee .title.11077').marquee({\n                            direction: 'left',\n                            duration: 8000,\n                            gap: 0,\n                            delayBeforeStart: 0,\n                            duplicated: true,\n                            startVisible: true\n                        });\n                    }\n                    Marquee();\n                });\n            })(jQuery);\n        <\/script>\n\n    \t\t\t\t<\/div>\n\t\t\t\t<\/div>\n\t\t\t\t\t<\/div>\n\t\t\t\t<\/div>\n\t\t<div class=\"elementor-element elementor-element-c03810f elementor-hidden-desktop elementor-hidden-tablet elementor-hidden-mobile e-flex e-con-boxed rt-default-class e-con e-parent\" data-id=\"c03810f\" data-element_type=\"container\" data-e-type=\"container\">\n\t\t\t\t\t<div class=\"e-con-inner\">\n\t\t<div class=\"elementor-element elementor-element-b94852c e-con-full e-flex rt-default-class e-con e-child\" data-id=\"b94852c\" data-element_type=\"container\" data-e-type=\"container\">\n\t\t<div class=\"elementor-element elementor-element-a53219b e-con-full e-flex rt-default-class e-con e-child\" data-id=\"a53219b\" data-element_type=\"container\" data-e-type=\"container\">\n\t\t\t\t<div class=\"elementor-element elementor-element-2380f27 rt-default-class elementor-invisible elementor-widget elementor-widget-heading\" data-id=\"2380f27\" data-element_type=\"widget\" data-e-type=\"widget\" data-settings=\"{&quot;_animation&quot;:&quot;fadeInUp&quot;}\" data-widget_type=\"heading.default\">\n\t\t\t\t<div class=\"elementor-widget-container\">\n\t\t\t\t\t<span class=\"elementor-heading-title elementor-size-default\">Dal blog<\/span>\t\t\t\t<\/div>\n\t\t\t\t<\/div>\n\t\t\t\t<\/div>\n\t\t<div class=\"elementor-element elementor-element-333bc36 e-con-full e-flex rt-default-class e-con e-child\" data-id=\"333bc36\" data-element_type=\"container\" data-e-type=\"container\">\n\t\t\t\t<div class=\"elementor-element elementor-element-3150c43 rt-default-class elementor-invisible elementor-widget elementor-widget-react-blog\" data-id=\"3150c43\" data-element_type=\"widget\" data-e-type=\"widget\" data-settings=\"{&quot;_animation&quot;:&quot;fadeInUp&quot;}\" data-widget_type=\"react-blog.default\">\n\t\t\t\t<div class=\"elementor-widget-container\">\n\t\t\t\t\t\r\n\t\t<div class=\"reactheme-blog-grid2x reactheme-blog-grid style1\">          \r\n\r\n            <div class=\"row blog-gird-item\">\r\n\t\t\t \t                 \r\n                         \r\n                <\/div>   \r\n                               \r\n            \t    \r\n                              \r\n\t\t<\/div>\r\n\t   \t\t\t\t<\/div>\n\t\t\t\t<\/div>\n\t\t\t\t<\/div>\n\t\t\t\t<\/div>\n\t\t\t\t\t<\/div>\n\t\t\t\t<\/div>\n\t\t\t\t<\/div>\n\t\t","protected":false},"excerpt":{"rendered":"<p>Profilo C-Level Executive | Mi occupo di trasformazione Aziendale e Crescita Strategica. Un approccio esperto che integra competenze, sviluppo commerciale e focus sui processi produttivi. Ho maturato una consolidata esperienza nella guida di organizzazioni complesse e imprese familiari, accompagnandole attraverso fasi determinanti di crescita strategica e ristrutturazione aziendale. Grazie a un solido background commerciale e&#8230;<\/p>\n","protected":false},"author":1,"featured_media":0,"parent":0,"menu_order":0,"comment_status":"closed","ping_status":"closed","template":"elementor_header_footer","meta":{"footnotes":""},"class_list":["post-1096","page","type-page","status-publish","hentry"],"_links":{"self":[{"href":"https:\/\/stefanoconsiglio.com\/it\/wp-json\/wp\/v2\/pages\/1096","targetHints":{"allow":["GET"]}}],"collection":[{"href":"https:\/\/stefanoconsiglio.com\/it\/wp-json\/wp\/v2\/pages"}],"about":[{"href":"https:\/\/stefanoconsiglio.com\/it\/wp-json\/wp\/v2\/types\/page"}],"author":[{"embeddable":true,"href":"https:\/\/stefanoconsiglio.com\/it\/wp-json\/wp\/v2\/users\/1"}],"replies":[{"embeddable":true,"href":"https:\/\/stefanoconsiglio.com\/it\/wp-json\/wp\/v2\/comments?post=1096"}],"version-history":[{"count":15,"href":"https:\/\/stefanoconsiglio.com\/it\/wp-json\/wp\/v2\/pages\/1096\/revisions"}],"predecessor-version":[{"id":1153,"href":"https:\/\/stefanoconsiglio.com\/it\/wp-json\/wp\/v2\/pages\/1096\/revisions\/1153"}],"wp:attachment":[{"href":"https:\/\/stefanoconsiglio.com\/it\/wp-json\/wp\/v2\/media?parent=1096"}],"curies":[{"name":"wp","href":"https:\/\/api.w.org\/{rel}","templated":true}]}}